{"id":144,"date":"2017-12-13T06:59:28","date_gmt":"2017-12-13T06:59:28","guid":{"rendered":"http:\/\/dao-qi-gong.de\/?page_id=144"},"modified":"2021-07-27T07:50:52","modified_gmt":"2021-07-27T07:50:52","slug":"kursangebot","status":"publish","type":"page","link":"https:\/\/dao-qi-gong.de\/?page_id=144","title":{"rendered":"Kursangebot"},"content":{"rendered":"<h3><img data-recalc-dims=\"1\" loading=\"lazy\" decoding=\"async\" data-attachment-id=\"340\" data-permalink=\"https:\/\/dao-qi-gong.de\/?attachment_id=340\" data-orig-file=\"https:\/\/i0.wp.com\/dao-qi-gong.de\/wp-content\/uploads\/2019\/11\/terence-starkey-XKwNpjK0XnA-unsplash.jpg?fit=4608%2C3456&amp;ssl=1\" data-orig-size=\"4608,3456\" data-comments-opened=\"1\" data-image-meta=\"{&quot;aperture&quot;:&quot;0&quot;,&quot;credit&quot;:&quot;&quot;,&quot;camera&quot;:&quot;&quot;,&quot;caption&quot;:&quot;&quot;,&quot;created_timestamp&quot;:&quot;0&quot;,&quot;copyright&quot;:&quot;&quot;,&quot;focal_length&quot;:&quot;0&quot;,&quot;iso&quot;:&quot;0&quot;,&quot;shutter_speed&quot;:&quot;0&quot;,&quot;title&quot;:&quot;&quot;,&quot;orientation&quot;:&quot;0&quot;}\" data-image-title=\"terence-starkey-XKwNpjK0XnA-unsplash\" data-image-description=\"\" data-image-caption=\"\" data-medium-file=\"https:\/\/i0.wp.com\/dao-qi-gong.de\/wp-content\/uploads\/2019\/11\/terence-starkey-XKwNpjK0XnA-unsplash.jpg?fit=300%2C225&amp;ssl=1\" data-large-file=\"https:\/\/i0.wp.com\/dao-qi-gong.de\/wp-content\/uploads\/2019\/11\/terence-starkey-XKwNpjK0XnA-unsplash.jpg?fit=525%2C394&amp;ssl=1\" class=\"alignleft size-large wp-image-340\" src=\"https:\/\/i0.wp.com\/dao-qi-gong.de\/wp-content\/uploads\/2019\/11\/terence-starkey-XKwNpjK0XnA-unsplash-1024x768.jpg?resize=525%2C394\" alt=\"\" width=\"525\" height=\"394\" srcset=\"https:\/\/i0.wp.com\/dao-qi-gong.de\/wp-content\/uploads\/2019\/11\/terence-starkey-XKwNpjK0XnA-unsplash.jpg?resize=1024%2C768&amp;ssl=1 1024w, https:\/\/i0.wp.com\/dao-qi-gong.de\/wp-content\/uploads\/2019\/11\/terence-starkey-XKwNpjK0XnA-unsplash.jpg?resize=300%2C225&amp;ssl=1 300w, https:\/\/i0.wp.com\/dao-qi-gong.de\/wp-content\/uploads\/2019\/11\/terence-starkey-XKwNpjK0XnA-unsplash.jpg?resize=768%2C576&amp;ssl=1 768w, https:\/\/i0.wp.com\/dao-qi-gong.de\/wp-content\/uploads\/2019\/11\/terence-starkey-XKwNpjK0XnA-unsplash.jpg?w=1575&amp;ssl=1 1575w\" sizes=\"(max-width: 525px) 100vw, 525px\" \/><\/h3>\n<h3><\/h3>\n<h3><strong><i style=\"color: #ff0000;\">Ab November 2021 sind Pr\u00e4senzkurse in Friedenau geplant, <\/i><\/strong><\/h3>\n<h3><strong style=\"color: #ff0000; font-size: 1rem;\">Inhalte<\/strong><\/h3>\n<h3><span style=\"font-size: medium;\">Heute zweifelt kaum mehr jemand daran, dass K\u00f6rper und Geist in engem Zusammenhang stehen. Aber wie kann man diese Erkenntnis f\u00fcr sich, seine Gesundheit und das eigene geistige Wohlbefinden direkt anwenden? <\/span><\/h3>\n<h3 class=\"western\" align=\"justify\"><span style=\"font-size: medium;\">Qi Gong ist ein praktischer Weg sich diese Zusammenh\u00e4nge nutzbar zu machen. Denn Qi ist die jedem Lebewesen inne wohnende Lebenskraft. Unser Qi hat die Urfunktion, die eigene Balance und Selbstheilung anzuregen. Gong bedeutet \u00fcben, d.h. durch regelm\u00e4\u00dfiges \u00dcben pflegen und verst\u00e4rken wir diese Urfunktion. Wir k\u00f6nnen so unseren momentanen Zustand beeinflu\u00dfen und langfristig verbessern. Wir erfahren, dass wir etwas f\u00fcr uns tun k\u00f6nnen, wenn wir uns unwohl f\u00fchlen.<\/span><\/h3>\n<h3 class=\"western\" align=\"justify\"><span style=\"font-size: medium;\">Die \u00dcbungen des Qi Gong helfen den inneren Qi-Fluss anzuregen und ihn zu verst\u00e4rken. Der Alterungsprozess wird dadurch verlangsamt. Durch gezieltes \u00dcben l\u00f6sen sich Blockaden in der Wirbels\u00e4ule, die Organe f\u00fcllen sich mit lebenswichtigem Qi, wodurch ihre Funktionen belebt werden. Qi Gong gibt uns die M\u00f6glichkeit Bedingungen in uns zu schaffen, die uns bef\u00e4higen, unseren Gesundheitszustand zu verbessern <\/span><\/h3>\n<h4 class=\"western\" align=\"justify\"><span style=\"font-size: medium;\">Kursinhalt<\/span><\/h4>\n<h3 class=\"western\" align=\"justify\"><span style=\"font-size: medium;\">In den Kursen werden \u00dcbungen aus dem Stillen Qi-Gong vermittelt wie z.B. der <\/span><span style=\"font-size: medium;\"><i>Kleine Himmlische Kreislauf<\/i><\/span><span style=\"font-size: medium;\"> sowie die <\/span><span style=\"font-size: medium;\"><i>Basis\u00fcbung des Chan Mi Qi- Gong<\/i><\/span><span style=\"font-size: medium;\">, einem weichen und achtsamen Schwingen der Wirbels\u00e4ule. Ebenso freie Bewegungen, in denen wir lernen der inneren Kraft zu folgen. Spontane Bewegungen, die mit dem \u201eHerz\u201c d.h. mit Aufmerksamkeit durchgef\u00fchrt werden, sind besonders hilfreich, da sie verborgene Blockaden und emotionale Hindernisse l\u00f6sen k\u00f6nnen.<\/span><\/h3>\n<h3 class=\"western\" align=\"justify\"><span style=\"font-size: medium;\">Alle \u00dcbungen sind leicht zu erlernen und f\u00fchren schnell zu einer tiefgreifenden Entspannung und Qi-Erfahrung. <\/span><\/h3>\n<h3 class=\"western\" align=\"justify\"><span style=\"font-size: medium;\">Die Kursinhalte sind dazu geeignet unter verschiedenen Gesichtspunkten die Wirbels\u00e4ule zu st\u00e4rken und sie als eine lebendige, aufgerichtete Verbindung zwischen Himmel und Erde zu erfahren. Ist diese Verbindung aktiv, dann nehmen auch anhaltende R\u00fcckenschmerzen deutlich ab.<\/span><\/h3>\n<h3 class=\"western\" align=\"justify\"><span style=\"font-size: medium;\">Ich m\u00f6chte Sie herzlich zu dieser wohltuenden Erfahrung einladen, die f\u00fcr Jung und Alt geeignet ist!<\/span><\/h3>\n<h6><span style=\"font-family: Times New Roman, serif;\"><span style=\"font-size: medium;\"><span style=\"font-family: Calibri, sans-serif;\">Qi Gong ist ein Weg von den 10.000 Dingen zum Kern unserer Lebenssubstanz vorzudringen. <\/span><\/span><\/span><span style=\"font-family: Times New Roman, serif;\"><span style=\"font-size: medium;\"><span style=\"font-family: Calibri, sans-serif;\">Wer t\u00e4glich zu \u00fcben beginnt, holt aus sich heraus, was in ihm schlummert &#8211; Kraft, seelische Ausgeglichenheit, Empathie. <\/span><\/span><\/span><\/h6>\n<p>&nbsp;<\/p>\n<p>&nbsp;<\/p>\n<p>&nbsp;<\/p>\n<p>&nbsp;<\/p>\n","protected":false},"excerpt":{"rendered":"<p>Ab November 2021 sind Pr\u00e4senzkurse in Friedenau geplant, Inhalte Heute zweifelt kaum mehr jemand daran, dass K\u00f6rper und Geist in engem Zusammenhang stehen. Aber wie kann man diese Erkenntnis f\u00fcr sich, seine Gesundheit und das eigene geistige Wohlbefinden direkt anwenden? Qi Gong ist ein praktischer Weg sich diese Zusammenh\u00e4nge nutzbar zu machen. Denn Qi ist &hellip; <\/p>\n<p class=\"link-more\"><a href=\"https:\/\/dao-qi-gong.de\/?page_id=144\" class=\"more-link\"><span class=\"screen-reader-text\">\u201eKursangebot\u201c<\/span> weiterlesen<\/a><\/p>\n","protected":false},"author":1,"featured_media":0,"parent":0,"menu_order":0,"comment_status":"closed","ping_status":"closed","template":"","meta":{"jetpack_post_was_ever_published":false,"footnotes":""},"jetpack_sharing_enabled":true,"jetpack_shortlink":"https:\/\/wp.me\/P8KKnR-2k","jetpack-related-posts":[],"_links":{"self":[{"href":"https:\/\/dao-qi-gong.de\/index.php?rest_route=\/wp\/v2\/pages\/144"}],"collection":[{"href":"https:\/\/dao-qi-gong.de\/index.php?rest_route=\/wp\/v2\/pages"}],"about":[{"href":"https:\/\/dao-qi-gong.de\/index.php?rest_route=\/wp\/v2\/types\/page"}],"author":[{"embeddable":true,"href":"https:\/\/dao-qi-gong.de\/index.php?rest_route=\/wp\/v2\/users\/1"}],"replies":[{"embeddable":true,"href":"https:\/\/dao-qi-gong.de\/index.php?rest_route=%2Fwp%2Fv2%2Fcomments&post=144"}],"version-history":[{"count":5,"href":"https:\/\/dao-qi-gong.de\/index.php?rest_route=\/wp\/v2\/pages\/144\/revisions"}],"predecessor-version":[{"id":361,"href":"https:\/\/dao-qi-gong.de\/index.php?rest_route=\/wp\/v2\/pages\/144\/revisions\/361"}],"wp:attachment":[{"href":"https:\/\/dao-qi-gong.de\/index.php?rest_route=%2Fwp%2Fv2%2Fmedia&parent=144"}],"curies":[{"name":"wp","href":"https:\/\/api.w.org\/{rel}","templated":true}]}}