{"id":24,"date":"2017-05-16T21:38:00","date_gmt":"2017-05-16T21:38:00","guid":{"rendered":"http:\/\/dao-qi-gong.de\/?page_id=24"},"modified":"2017-05-26T07:07:36","modified_gmt":"2017-05-26T07:07:36","slug":"spontane-bewegung","status":"publish","type":"page","link":"https:\/\/dao-qi-gong.de\/?page_id=24","title":{"rendered":"Was ist Wuji Gong"},"content":{"rendered":"<p lang=\"de-DE\" xml:lang=\"de-DE\">Wu Ji Gong ist eine spezielle Bewegungskunst, die Meister Chen aus Taiwan entwickelt hat. Judith von Radetzky trainiert mit ihm seit 2010. Es erm\u00f6glicht den vielen Menschen, die gerne Qigong kultivieren m\u00f6chten, jedoch nicht wissen wo sie anfangen sollen, einen leichten Zugang. Sowohl Anf\u00e4nger als auch Fortgeschrittene, die bereits viele Jahre Qigong kultivieren, bemerken innerhalb kurzer Zeit durch die Wu Ji Gong (chinesisch &#8222;Tanz&#8220;) Praxis eine deutliche Verbesserung ihrer Vitalit\u00e4t, der seelischen Balance und geistigen Klarheit.<\/p>\n<p lang=\"de-DE\" xml:lang=\"de-DE\">Besonders Anf\u00e4ngern, die durch bewegte \u00dcbungen das <a href=\"http:\/\/de.wikipedia.org\/wiki\/Qigong\" target=\"_blank\" rel=\"noopener noreferrer\">Qigong<\/a> entdecken, und in stillen \u00dcbungen schwer zur Ruhe kommen, erm\u00f6glicht das Wu Ji Gong schnelle Fortschritte und gute Ergebnisse auf einem sehr kurzen Weg. Das Wu Ji Gong l\u00e4sst durch Bewegung Stille entstehen, und durch die Stille Bewegung. Die Extremlosigkeit (<a href=\"http:\/\/de.wikipedia.org\/wiki\/Wuji\" target=\"_blank\" rel=\"noopener noreferrer\">Wuji<\/a>) und die \u00e4u\u00dferste Extreme (<a href=\"http:\/\/de.wikipedia.org\/wiki\/Taiji_%28Chinesische_Philosophie%29\" target=\"_blank\" rel=\"noopener noreferrer\">Taiji<\/a>) bilden die zwei Seiten einer Einheit.<\/p>\n<p lang=\"de-DE\" xml:lang=\"de-DE\">Meister Chen unterstreicht, dass das Wu Ji Gong ein Set der Qigong Kultivierungsmethoden ist, welches die Form, das <a href=\"http:\/\/de.wikipedia.org\/wiki\/Qi\" target=\"_blank\" rel=\"noopener noreferrer\">Qi<\/a> und den Geist schult und n\u00e4hrt. Unabh\u00e4ngig vom Bildungsgrad, Alter, Konfession und Gruppenzugeh\u00f6rigkeit, kann es jeder praktizieren.<strong>\u00a0<\/strong><\/p>\n","protected":false},"excerpt":{"rendered":"<p>Wu Ji Gong ist eine spezielle Bewegungskunst, die Meister Chen aus Taiwan entwickelt hat. Judith von Radetzky trainiert mit ihm seit 2010. Es erm\u00f6glicht den vielen Menschen, die gerne Qigong kultivieren m\u00f6chten, jedoch nicht wissen wo sie anfangen sollen, einen leichten Zugang. Sowohl Anf\u00e4nger als auch Fortgeschrittene, die bereits viele Jahre Qigong kultivieren, bemerken innerhalb &hellip; <\/p>\n<p class=\"link-more\"><a href=\"https:\/\/dao-qi-gong.de\/?page_id=24\" class=\"more-link\"><span class=\"screen-reader-text\">\u201eWas ist Wuji Gong\u201c<\/span> weiterlesen<\/a><\/p>\n","protected":false},"author":1,"featured_media":0,"parent":0,"menu_order":0,"comment_status":"closed","ping_status":"closed","template":"","meta":{"jetpack_post_was_ever_published":false,"footnotes":""},"jetpack_sharing_enabled":true,"jetpack_shortlink":"https:\/\/wp.me\/P8KKnR-o","jetpack-related-posts":[],"_links":{"self":[{"href":"https:\/\/dao-qi-gong.de\/index.php?rest_route=\/wp\/v2\/pages\/24"}],"collection":[{"href":"https:\/\/dao-qi-gong.de\/index.php?rest_route=\/wp\/v2\/pages"}],"about":[{"href":"https:\/\/dao-qi-gong.de\/index.php?rest_route=\/wp\/v2\/types\/page"}],"author":[{"embeddable":true,"href":"https:\/\/dao-qi-gong.de\/index.php?rest_route=\/wp\/v2\/users\/1"}],"replies":[{"embeddable":true,"href":"https:\/\/dao-qi-gong.de\/index.php?rest_route=%2Fwp%2Fv2%2Fcomments&post=24"}],"version-history":[{"count":5,"href":"https:\/\/dao-qi-gong.de\/index.php?rest_route=\/wp\/v2\/pages\/24\/revisions"}],"predecessor-version":[{"id":154,"href":"https:\/\/dao-qi-gong.de\/index.php?rest_route=\/wp\/v2\/pages\/24\/revisions\/154"}],"wp:attachment":[{"href":"https:\/\/dao-qi-gong.de\/index.php?rest_route=%2Fwp%2Fv2%2Fmedia&parent=24"}],"curies":[{"name":"wp","href":"https:\/\/api.w.org\/{rel}","templated":true}]}}