{"id":31,"date":"2017-05-16T21:40:47","date_gmt":"2017-05-16T21:40:47","guid":{"rendered":"http:\/\/dao-qi-gong.de\/?page_id=31"},"modified":"2019-07-15T21:01:32","modified_gmt":"2019-07-15T21:01:32","slug":"was-ist-qigong","status":"publish","type":"page","link":"https:\/\/dao-qi-gong.de\/?page_id=31","title":{"rendered":"Was ist Stilles Qi Gong"},"content":{"rendered":"<p>Die Bew\u00e4ltigung unseres Alltags, die Hektik im Gesch\u00e4ftsleben, ja auch in der Freizeit und manchmal in der Familie, ist nicht leicht zu meistern. Wir werden vom \u00e4u\u00dferen Leben mitgerissen und haben oft das Gef\u00fchl wir k\u00f6nnten nichts mehr steuern, f\u00fchlen uns ausgeliefert. Wie gerne w\u00fcrden wir manchmal die Zeit f\u00fcr einen Moment anhalten und einfach einmal uns selbst anschauen. Wo bin ich gerade, wie geht es meiner Gesundheit, meinem K\u00f6rper, meinem Geist, meiner Seele, meinem Herzen?<\/p>\n<p>Diese und viele andere Fragen k\u00f6nnen wir uns nur in der Ruhe und Stille stellen, erst wenn wir mehr und mehr bei uns ankommen, h\u00f6ren wir diese Stimmen, haben wir Bezug zu unseren tiefen Ebenen.<\/p>\n<p class=\"Stil20\" align=\"left\">Laut Meister Li ist Qi eine subtile Energie oder Substanz, die den Naturgesetzen unterworfen ist, wie alle anderen Energien und Substanzen. Es gibt kosmisches Qi, vorhanden im gesamten Universum und es gibt individuelles Qi, das alles Lebendige durchdringt. Im Qi Gong versucht man u. a. das individuelle Qi zu verst\u00e4rken und Zugang zum kosmischen Qi zu erhalten.<\/p>\n<p class=\"Stil20\" align=\"left\">\u2022 Bewusstsein des Lichts aus Meditation und tiefer Ruhe<br \/>\n\u2022 Atmung \u2013 Die erste Quelle unserer Lebenskraft<br \/>\n\u2022 Lebensenergie im Mittelpunkt der Gesundheit<\/p>\n<p>Das Stille QiGong l\u00e4dt ein, sich in sich selbst zu vertiefen und\u00a0 zur Ruhe zu kommen. Der sanft angeregte Flu\u00df des Qi verbindet uns\u00a0 mit uns selbst.<\/p>\n","protected":false},"excerpt":{"rendered":"<p>Die Bew\u00e4ltigung unseres Alltags, die Hektik im Gesch\u00e4ftsleben, ja auch in der Freizeit und manchmal in der Familie, ist nicht leicht zu meistern. Wir werden vom \u00e4u\u00dferen Leben mitgerissen und haben oft das Gef\u00fchl wir k\u00f6nnten nichts mehr steuern, f\u00fchlen uns ausgeliefert. Wie gerne w\u00fcrden wir manchmal die Zeit f\u00fcr einen Moment anhalten und einfach &hellip; <\/p>\n<p class=\"link-more\"><a href=\"https:\/\/dao-qi-gong.de\/?page_id=31\" class=\"more-link\"><span class=\"screen-reader-text\">\u201eWas ist Stilles Qi Gong\u201c<\/span> weiterlesen<\/a><\/p>\n","protected":false},"author":1,"featured_media":0,"parent":0,"menu_order":0,"comment_status":"closed","ping_status":"closed","template":"","meta":{"jetpack_post_was_ever_published":false,"footnotes":""},"jetpack_sharing_enabled":true,"jetpack_shortlink":"https:\/\/wp.me\/P8KKnR-v","jetpack-related-posts":[],"_links":{"self":[{"href":"https:\/\/dao-qi-gong.de\/index.php?rest_route=\/wp\/v2\/pages\/31"}],"collection":[{"href":"https:\/\/dao-qi-gong.de\/index.php?rest_route=\/wp\/v2\/pages"}],"about":[{"href":"https:\/\/dao-qi-gong.de\/index.php?rest_route=\/wp\/v2\/types\/page"}],"author":[{"embeddable":true,"href":"https:\/\/dao-qi-gong.de\/index.php?rest_route=\/wp\/v2\/users\/1"}],"replies":[{"embeddable":true,"href":"https:\/\/dao-qi-gong.de\/index.php?rest_route=%2Fwp%2Fv2%2Fcomments&post=31"}],"version-history":[{"count":5,"href":"https:\/\/dao-qi-gong.de\/index.php?rest_route=\/wp\/v2\/pages\/31\/revisions"}],"predecessor-version":[{"id":330,"href":"https:\/\/dao-qi-gong.de\/index.php?rest_route=\/wp\/v2\/pages\/31\/revisions\/330"}],"wp:attachment":[{"href":"https:\/\/dao-qi-gong.de\/index.php?rest_route=%2Fwp%2Fv2%2Fmedia&parent=31"}],"curies":[{"name":"wp","href":"https:\/\/api.w.org\/{rel}","templated":true}]}}