{"id":34,"date":"2017-05-16T21:42:27","date_gmt":"2017-05-16T21:42:27","guid":{"rendered":"http:\/\/dao-qi-gong.de\/?page_id=34"},"modified":"2017-05-26T07:03:31","modified_gmt":"2017-05-26T07:03:31","slug":"34-2","status":"publish","type":"page","link":"https:\/\/dao-qi-gong.de\/?page_id=34","title":{"rendered":"Was ist Chan Mi Qi Gong"},"content":{"rendered":"<p><em>Viele Menschen leiden unter R\u00fccken- und Gelenkschmerzen<\/em><em>. Weil dann fast immer das Bestreben besteht, K\u00f6rper und die Gelenke zu schonen,<\/em><em> entsteht ein Teufelskreis: <\/em><em>Wirbels\u00e4ule und Gelenke verlieren ihre volle Funktion und<\/em><em> dadurch werden die\u00a0 schmerzlichen <\/em><em>Beschwerden noch verst\u00e4rkt.<\/em><em> Diese Erfahrung musste auch ich machen. So habe ich mich <\/em><em>auf die Suche gemacht<\/em><em> und bin auf Chan Mi Qi Gong gesto\u00dfen.<\/em><\/p>\n<p><em>Im Chan Mi QiGong steht ein <strong>weiches, achtsames Schwingen der Wirbels\u00e4ule<\/strong>\u00a0 im Zentrum. Dabei werden die<\/em><em> inneren Organe, das Herz-Kreislaufsystem,<\/em><em> die Verdauung, die Blutversorgung des Gehirnsin Schwingung gebracht, da sie eng mit der Wirbels\u00e4ule in Verbindung<\/em><em> stehen. Menschen, die regelm\u00e4\u00dfig Chan Mi \u00fcben f\u00fchlen sich meist recht schnell wohler und<\/em><em> ges\u00fcnder.\u00a0 Die <\/em><em>\u00dcbungen sind leicht zu erlernen und f\u00fchren schnell zu einer tiefgreifenden Entspannung und Qi-<\/em><em>Erfahrung. Durch regelm\u00e4\u00dfiges \u00dcben habe ich nach Jahren Schmerzfreiheit erlangt.<\/em><em> Ich m\u00f6chte Sie herzlich zu diesen wohltuenden \u00dcbungen einladen, die man im Stehen aber<\/em><em>auch im Sitzen \u00fcben kann, sie sind f\u00fcr Alt und Jung geeignet.<\/em><\/p>\n","protected":false},"excerpt":{"rendered":"<p>Viele Menschen leiden unter R\u00fccken- und Gelenkschmerzen. Weil dann fast immer das Bestreben besteht, K\u00f6rper und die Gelenke zu schonen, entsteht ein Teufelskreis: Wirbels\u00e4ule und Gelenke verlieren ihre volle Funktion und dadurch werden die\u00a0 schmerzlichen Beschwerden noch verst\u00e4rkt. Diese Erfahrung musste auch ich machen. So habe ich mich auf die Suche gemacht und bin auf &hellip; <\/p>\n<p class=\"link-more\"><a href=\"https:\/\/dao-qi-gong.de\/?page_id=34\" class=\"more-link\"><span class=\"screen-reader-text\">\u201eWas ist Chan Mi Qi Gong\u201c<\/span> weiterlesen<\/a><\/p>\n","protected":false},"author":1,"featured_media":0,"parent":0,"menu_order":0,"comment_status":"closed","ping_status":"closed","template":"","meta":{"jetpack_post_was_ever_published":false,"footnotes":""},"jetpack_sharing_enabled":true,"jetpack_shortlink":"https:\/\/wp.me\/P8KKnR-y","jetpack-related-posts":[],"_links":{"self":[{"href":"https:\/\/dao-qi-gong.de\/index.php?rest_route=\/wp\/v2\/pages\/34"}],"collection":[{"href":"https:\/\/dao-qi-gong.de\/index.php?rest_route=\/wp\/v2\/pages"}],"about":[{"href":"https:\/\/dao-qi-gong.de\/index.php?rest_route=\/wp\/v2\/types\/page"}],"author":[{"embeddable":true,"href":"https:\/\/dao-qi-gong.de\/index.php?rest_route=\/wp\/v2\/users\/1"}],"replies":[{"embeddable":true,"href":"https:\/\/dao-qi-gong.de\/index.php?rest_route=%2Fwp%2Fv2%2Fcomments&post=34"}],"version-history":[{"count":4,"href":"https:\/\/dao-qi-gong.de\/index.php?rest_route=\/wp\/v2\/pages\/34\/revisions"}],"predecessor-version":[{"id":150,"href":"https:\/\/dao-qi-gong.de\/index.php?rest_route=\/wp\/v2\/pages\/34\/revisions\/150"}],"wp:attachment":[{"href":"https:\/\/dao-qi-gong.de\/index.php?rest_route=%2Fwp%2Fv2%2Fmedia&parent=34"}],"curies":[{"name":"wp","href":"https:\/\/api.w.org\/{rel}","templated":true}]}}