{"id":56,"date":"2017-05-24T20:49:34","date_gmt":"2017-05-24T20:49:34","guid":{"rendered":"http:\/\/dao-qi-gong.de\/?page_id=56"},"modified":"2019-11-27T22:15:47","modified_gmt":"2019-11-27T22:15:47","slug":"ueber-mich","status":"publish","type":"page","link":"https:\/\/dao-qi-gong.de\/?page_id=56","title":{"rendered":"Judith von Radetzky"},"content":{"rendered":"<p>&nbsp;<\/p>\n<p>&nbsp;<\/p>\n<p><strong><img data-recalc-dims=\"1\" loading=\"lazy\" decoding=\"async\" data-attachment-id=\"194\" data-permalink=\"https:\/\/dao-qi-gong.de\/?attachment_id=194\" data-orig-file=\"https:\/\/i0.wp.com\/dao-qi-gong.de\/wp-content\/uploads\/2017\/05\/OB17_JVRadetzky_1503_LRCD-93.jpg?fit=1195%2C800&amp;ssl=1\" data-orig-size=\"1195,800\" data-comments-opened=\"1\" data-image-meta=\"{&quot;aperture&quot;:&quot;0&quot;,&quot;credit&quot;:&quot;&quot;,&quot;camera&quot;:&quot;&quot;,&quot;caption&quot;:&quot;&quot;,&quot;created_timestamp&quot;:&quot;0&quot;,&quot;copyright&quot;:&quot;OBetke&quot;,&quot;focal_length&quot;:&quot;0&quot;,&quot;iso&quot;:&quot;0&quot;,&quot;shutter_speed&quot;:&quot;0&quot;,&quot;title&quot;:&quot;&quot;,&quot;orientation&quot;:&quot;1&quot;}\" data-image-title=\"OB17_JVRadetzky_1503_LRCD-93\" data-image-description=\"\" data-image-caption=\"\" data-medium-file=\"https:\/\/i0.wp.com\/dao-qi-gong.de\/wp-content\/uploads\/2017\/05\/OB17_JVRadetzky_1503_LRCD-93.jpg?fit=300%2C201&amp;ssl=1\" data-large-file=\"https:\/\/i0.wp.com\/dao-qi-gong.de\/wp-content\/uploads\/2017\/05\/OB17_JVRadetzky_1503_LRCD-93.jpg?fit=525%2C352&amp;ssl=1\" class=\"alignleft size-medium wp-image-194\" src=\"https:\/\/i0.wp.com\/dao-qi-gong.de\/wp-content\/uploads\/2017\/05\/OB17_JVRadetzky_1503_LRCD-93-300x201.jpg?resize=300%2C201\" alt=\"\" width=\"300\" height=\"201\" srcset=\"https:\/\/i0.wp.com\/dao-qi-gong.de\/wp-content\/uploads\/2017\/05\/OB17_JVRadetzky_1503_LRCD-93.jpg?resize=300%2C201&amp;ssl=1 300w, https:\/\/i0.wp.com\/dao-qi-gong.de\/wp-content\/uploads\/2017\/05\/OB17_JVRadetzky_1503_LRCD-93.jpg?resize=768%2C514&amp;ssl=1 768w, https:\/\/i0.wp.com\/dao-qi-gong.de\/wp-content\/uploads\/2017\/05\/OB17_JVRadetzky_1503_LRCD-93.jpg?resize=1024%2C686&amp;ssl=1 1024w, https:\/\/i0.wp.com\/dao-qi-gong.de\/wp-content\/uploads\/2017\/05\/OB17_JVRadetzky_1503_LRCD-93.jpg?w=1195&amp;ssl=1 1195w\" sizes=\"(max-width: 300px) 100vw, 300px\" \/>Judith von Radetzky<\/strong><\/p>\n<p>ist durch ihren Lehrer Chen aus Taiwan sowie durch das Institut Li\/M\u00fcnchen zertifizierte Lehrerin f\u00fcr Selbstkultivierung und Qi Gong und au\u00dferdem Lehrerin f\u00fcr Chan Mi Qi Gong .<\/p>\n<p>&#8222;Meine Kenntnis umfasst verschiedene Meditationspraktiken und Qi Gong Methoden, ich praktiziere aktiv seit meinem 20igsten Lebensjahr. Mein Weg f\u00fchrte mich von einer christlichen Meditation \u00fcber ein Theologiestudium hin zur Zen Meditation,\u00a0 sodann zu drei entscheidenden Qi Gong Meistern. Zur Zeit trainiere ich regelm\u00e4\u00dfig\u00a0 mit dem aus Taiwan stammenden Meister Chen (<a href=\"http:\/\/www.chen-guanyin.de\">http:\/\/www.chen-guanyin.de)\u00a0 <\/a><\/p>\n<p>Mein Ansatz im Unterricht\u00a0 f\u00f6rdert Vitalit\u00e4t, Klarheit, nat\u00fcrliches Selbstbewu\u00dftsein und die Lebenskraft.<\/p>\n<p>Ich bin\u00a0 seit meinem 22igsten Lebensjahr im k\u00fcnstlerischen Bereich t\u00e4tig als Schauspielerin und sowie seit 2004 auch als Theaterregisseurin. Ein Studium der Regie von 2004 bis 2008 bei Anatolij Vassilijev, einem der letzten noch lebenden\u00a0 &#8222;Theaterdinosaurier&#8220;, hat mein Leben auf vielf\u00e4ltige Weise bereichert.<\/p>\n<p>Viele Begegnungen mit verschiedenen Lehrern auf meinem Lebensweg w\u00fcrde ich als Schicksalsbegegnungen bezeichnen. Auf meiner Suche nach mir selbst habe ich Unterst\u00fctzung und viel Kritik erfahren. Die Selbstkultivierung erfordert Mut. Sich aus den eigenen einengenden Schlangenh\u00e4uten wie falschen Vorstellungen, Illusionen, Arroganz und anderen pers\u00f6nlichen Begrenzungen herauszuwinden ist nichts anderes als der Weg zu seinem Selbst, zu seiner Lebensessenz. Dieser Weg ist nie zuende, er ist von hoher Kreativit\u00e4t gepr\u00e4gt.&#8220;<\/p>\n<p><a href=\"http:\/\/www.judith-von-radetzky.de\">http:\/\/www.judith-von-radetzky.de<\/a><\/p>\n<p><a href=\"http:\/\/www.graphit-theaterlabor.de\">https:\/\/www.graphit-theaterlabor.de<\/a><\/p>\n<p>&nbsp;<\/p>\n","protected":false},"excerpt":{"rendered":"<p>&nbsp; &nbsp; Judith von Radetzky ist durch ihren Lehrer Chen aus Taiwan sowie durch das Institut Li\/M\u00fcnchen zertifizierte Lehrerin f\u00fcr Selbstkultivierung und Qi Gong und au\u00dferdem Lehrerin f\u00fcr Chan Mi Qi Gong . &#8222;Meine Kenntnis umfasst verschiedene Meditationspraktiken und Qi Gong Methoden, ich praktiziere aktiv seit meinem 20igsten Lebensjahr. Mein Weg f\u00fchrte mich von einer &hellip; <\/p>\n<p class=\"link-more\"><a href=\"https:\/\/dao-qi-gong.de\/?page_id=56\" class=\"more-link\"><span class=\"screen-reader-text\">\u201eJudith von Radetzky\u201c<\/span> weiterlesen<\/a><\/p>\n","protected":false},"author":1,"featured_media":0,"parent":0,"menu_order":0,"comment_status":"closed","ping_status":"closed","template":"","meta":{"jetpack_post_was_ever_published":false,"footnotes":""},"jetpack_sharing_enabled":true,"jetpack_shortlink":"https:\/\/wp.me\/P8KKnR-U","jetpack-related-posts":[],"_links":{"self":[{"href":"https:\/\/dao-qi-gong.de\/index.php?rest_route=\/wp\/v2\/pages\/56"}],"collection":[{"href":"https:\/\/dao-qi-gong.de\/index.php?rest_route=\/wp\/v2\/pages"}],"about":[{"href":"https:\/\/dao-qi-gong.de\/index.php?rest_route=\/wp\/v2\/types\/page"}],"author":[{"embeddable":true,"href":"https:\/\/dao-qi-gong.de\/index.php?rest_route=\/wp\/v2\/users\/1"}],"replies":[{"embeddable":true,"href":"https:\/\/dao-qi-gong.de\/index.php?rest_route=%2Fwp%2Fv2%2Fcomments&post=56"}],"version-history":[{"count":5,"href":"https:\/\/dao-qi-gong.de\/index.php?rest_route=\/wp\/v2\/pages\/56\/revisions"}],"predecessor-version":[{"id":346,"href":"https:\/\/dao-qi-gong.de\/index.php?rest_route=\/wp\/v2\/pages\/56\/revisions\/346"}],"wp:attachment":[{"href":"https:\/\/dao-qi-gong.de\/index.php?rest_route=%2Fwp%2Fv2%2Fmedia&parent=56"}],"curies":[{"name":"wp","href":"https:\/\/api.w.org\/{rel}","templated":true}]}}